{"id":1917,"date":"2021-02-27T12:17:32","date_gmt":"2021-02-27T11:17:32","guid":{"rendered":"https:\/\/www.zelinaworld.com\/krabicka\/"},"modified":"2024-01-23T11:40:51","modified_gmt":"2024-01-23T10:40:51","slug":"krabicka","status":"publish","type":"page","link":"https:\/\/zelinaworld.com\/en\/krabicka\/","title":{"rendered":"Krabi\u010dka"},"content":{"rendered":"\t\t<div data-elementor-type=\"wp-page\" data-elementor-id=\"1917\" class=\"elementor elementor-1917\" data-elementor-post-type=\"page\">\n\t\t\t\t\t\t<section class=\"elementor-section elementor-top-section elementor-element elementor-element-376746ce elementor-section-boxed elementor-section-height-default elementor-section-height-default\" data-id=\"376746ce\" data-element_type=\"section\" data-e-type=\"section\">\n\t\t\t\t\t\t<div class=\"elementor-container elementor-column-gap-default\">\n\t\t\t\t\t<div class=\"elementor-column elementor-col-100 elementor-top-column elementor-element elementor-element-e641058\" data-id=\"e641058\" data-element_type=\"column\" data-e-type=\"column\">\n\t\t\t<div class=\"elementor-widget-wrap elementor-element-populated\">\n\t\t\t\t\t\t<div class=\"elementor-element elementor-element-38f849b6 elementor-widget elementor-widget-heading\" data-id=\"38f849b6\" data-element_type=\"widget\" data-e-type=\"widget\" data-widget_type=\"heading.default\">\n\t\t\t\t<div class=\"elementor-widget-container\">\n\t\t\t\t\t<h1 class=\"elementor-heading-title elementor-size-xl\">Krabi\u010dka<\/h1>\t\t\t\t<\/div>\n\t\t\t\t<\/div>\n\t\t\t\t<div class=\"elementor-element elementor-element-38bc5ebe elementor-widget elementor-widget-text-editor\" data-id=\"38bc5ebe\" data-element_type=\"widget\" data-e-type=\"widget\" data-widget_type=\"text-editor.default\">\n\t\t\t\t<div class=\"elementor-widget-container\">\n\t\t\t\t\t\t\t\t\t<p>T\u00fala\u0165 sa pr\u00edrodou a zaostrova\u0165 na veci ktor\u00e9 ste mo\u017eno dovtedy prehliadali je z\u00e1bava.<br \/>Dreven\u00e1 krabi\u010dka obsahuje dve sady postavi\u010diek pod\u013ea v\u00e1\u0161ho v\u00fdber a pinzetu. K nov\u00e9mu hobby potrebujete chu\u0165 \u00eds\u0165 do pr\u00edrody,<br \/>be\u017en\u00fd telef\u00f3n a h\u013eada\u0165 zauj\u00edmav\u00e9 detaily kde sa bude odohr\u00e1va\u0165 v\u00e1\u0161 pr\u00edbeh. <\/p>\n<p><strong>Nezabudnite zdiela\u0165 fotky na #minipostavicky<\/strong><\/p>\n\t\t\t\t\t\t\t\t<\/div>\n\t\t\t\t<\/div>\n\t\t\t\t<div class=\"elementor-element elementor-element-54efe125 elementor-pagination-position-outside elementor-widget elementor-widget-image-carousel\" data-id=\"54efe125\" data-element_type=\"widget\" data-e-type=\"widget\" data-settings=\"{&quot;slides_to_show&quot;:&quot;4&quot;,&quot;slides_to_scroll&quot;:&quot;1&quot;,&quot;navigation&quot;:&quot;dots&quot;,&quot;autoplay&quot;:&quot;yes&quot;,&quot;pause_on_hover&quot;:&quot;yes&quot;,&quot;pause_on_interaction&quot;:&quot;yes&quot;,&quot;autoplay_speed&quot;:5000,&quot;infinite&quot;:&quot;yes&quot;,&quot;speed&quot;:500}\" data-widget_type=\"image-carousel.default\">\n\t\t\t\t<div class=\"elementor-widget-container\">\n\t\t\t\t\t\t\t<div class=\"elementor-image-carousel-wrapper swiper\" role=\"region\" aria-roledescription=\"carousel\" aria-label=\"Image Carousel\" dir=\"ltr\">\n\t\t\t<div class=\"elementor-image-carousel swiper-wrapper\" aria-live=\"off\">\n\t\t\t\t\t\t\t\t<div class=\"swiper-slide\" role=\"group\" aria-roledescription=\"slide\" aria-label=\"1 of 8\"><a data-elementor-open-lightbox=\"yes\" data-elementor-lightbox-slideshow=\"54efe125\" data-elementor-lightbox-title=\"Zelina world krabi\u010dka\" data-e-action-hash=\"#elementor-action%3Aaction%3Dlightbox%26settings%3DeyJpZCI6MTc2MywidXJsIjoiaHR0cHM6XC9cL3plbGluYXdvcmxkLmNvbVwvd3AtY29udGVudFwvdXBsb2Fkc1wvMjAyMVwvMDJcL1plbGluYS13b3JsZC1rcmFiaWNrYS0xLmpwZyIsInNsaWRlc2hvdyI6IjU0ZWZlMTI1In0%3D\" href=\"https:\/\/zelinaworld.com\/wp-content\/uploads\/2021\/02\/Zelina-world-krabicka-1.jpg\"><figure class=\"swiper-slide-inner\"><img decoding=\"async\" class=\"swiper-slide-image\" src=\"https:\/\/zelinaworld.com\/wp-content\/uploads\/elementor\/thumbs\/Zelina-world-krabicka-1-p3ho9rtj2mblskxtibcvqc20zlg8y2wp981z2i7xdk.jpg\" alt=\"Zelina world krabi\u010dka\" \/><\/figure><\/a><\/div><div class=\"swiper-slide\" role=\"group\" aria-roledescription=\"slide\" aria-label=\"2 of 8\"><a data-elementor-open-lightbox=\"yes\" data-elementor-lightbox-slideshow=\"54efe125\" data-elementor-lightbox-title=\"krabi\u010dka\" data-e-action-hash=\"#elementor-action%3Aaction%3Dlightbox%26settings%3DeyJpZCI6MTc5NiwidXJsIjoiaHR0cHM6XC9cL3plbGluYXdvcmxkLmNvbVwvd3AtY29udGVudFwvdXBsb2Fkc1wvMjAyMVwvMDJcL2tyYWJpY2thLXplbGluYS13b3JsZC1lMTYxNDU0MjQxMzM1MS5qcGciLCJzbGlkZXNob3ciOiI1NGVmZTEyNSJ9\" href=\"https:\/\/zelinaworld.com\/wp-content\/uploads\/2021\/02\/krabicka-zelina-world-e1614542413351.jpg\"><figure class=\"swiper-slide-inner\"><img decoding=\"async\" class=\"swiper-slide-image\" src=\"https:\/\/zelinaworld.com\/wp-content\/uploads\/elementor\/thumbs\/krabicka-zelina-world-e1614542413351-p3jlcmfmm0msginf1rq91abrzu2ypoj5hzngy0xxa0.jpg\" alt=\"Zelina world  krabi\u010dka\" \/><\/figure><\/a><\/div><div class=\"swiper-slide\" role=\"group\" aria-roledescription=\"slide\" aria-label=\"3 of 8\"><a data-elementor-open-lightbox=\"yes\" data-elementor-lightbox-slideshow=\"54efe125\" data-elementor-lightbox-title=\"mini postavi\u010dky fotenie\" data-e-action-hash=\"#elementor-action%3Aaction%3Dlightbox%26settings%3DeyJpZCI6MTc5OCwidXJsIjoiaHR0cHM6XC9cL3plbGluYXdvcmxkLmNvbVwvd3AtY29udGVudFwvdXBsb2Fkc1wvMjAyMVwvMDNcL21pbmlwb3N0YXZpY2t5LWZvdGVuaWUuanBnIiwic2xpZGVzaG93IjoiNTRlZmUxMjUifQ%3D%3D\" href=\"https:\/\/zelinaworld.com\/wp-content\/uploads\/2021\/03\/minipostavicky-fotenie.jpg\"><figure class=\"swiper-slide-inner\"><img decoding=\"async\" class=\"swiper-slide-image\" src=\"https:\/\/zelinaworld.com\/wp-content\/uploads\/elementor\/thumbs\/minipostavicky-fotenie-p3kgdj5phzli3ya03266bxsn3eza23l026cyziw1q0.jpg\" alt=\"detail mini postavi\u010dky\" \/><\/figure><\/a><\/div><div class=\"swiper-slide\" role=\"group\" aria-roledescription=\"slide\" aria-label=\"4 of 8\"><a data-elementor-open-lightbox=\"yes\" data-elementor-lightbox-slideshow=\"54efe125\" data-elementor-lightbox-title=\"krabi\u010dka\" data-e-action-hash=\"#elementor-action%3Aaction%3Dlightbox%26settings%3DeyJpZCI6MTc5NywidXJsIjoiaHR0cHM6XC9cL3plbGluYXdvcmxkLmNvbVwvd3AtY29udGVudFwvdXBsb2Fkc1wvMjAyMVwvMDJcL2tyYWJpY2thLTItemVsaW5hLXdvcmxkLmpwZyIsInNsaWRlc2hvdyI6IjU0ZWZlMTI1In0%3D\" href=\"https:\/\/zelinaworld.com\/wp-content\/uploads\/2021\/02\/krabicka-2-zelina-world.jpg\"><figure class=\"swiper-slide-inner\"><img decoding=\"async\" class=\"swiper-slide-image\" src=\"https:\/\/zelinaworld.com\/wp-content\/uploads\/elementor\/thumbs\/krabicka-2-zelina-world-p3jl6ihe6s9ozriwq4njtttwzo72oi9ynqzuna01q0.jpg\" alt=\"Zelina world  krabi\u010dka\" \/><\/figure><\/a><\/div><div class=\"swiper-slide\" role=\"group\" aria-roledescription=\"slide\" aria-label=\"5 of 8\"><a data-elementor-open-lightbox=\"yes\" data-elementor-lightbox-slideshow=\"54efe125\" data-elementor-lightbox-title=\"Zelina world spolupr\u00e1ca s nemeckou ambas\u00e1dou\" data-e-action-hash=\"#elementor-action%3Aaction%3Dlightbox%26settings%3DeyJpZCI6MTcwOSwidXJsIjoiaHR0cHM6XC9cL3plbGluYXdvcmxkLmNvbVwvd3AtY29udGVudFwvdXBsb2Fkc1wvMjAyMVwvMDJcL1plbGluYS13b3JsZC1zcG9sdXByYWNhLW5lbWFja2EtYW1iYXNhZGE1LTEuanBnIiwic2xpZGVzaG93IjoiNTRlZmUxMjUifQ%3D%3D\" href=\"https:\/\/zelinaworld.com\/wp-content\/uploads\/2021\/02\/Zelina-world-spolupraca-nemacka-ambasada5-1.jpg\"><figure class=\"swiper-slide-inner\"><img decoding=\"async\" class=\"swiper-slide-image\" src=\"https:\/\/zelinaworld.com\/wp-content\/uploads\/elementor\/thumbs\/Zelina-world-spolupraca-nemacka-ambasada5-1-p3hms1dodkri32zpa36o6w7egmauwzl3v9gpf1w52w.jpg\" alt=\"Zelina world spolupr\u00e1ca s nemeckou ambas\u00e1dou\" \/><\/figure><\/a><\/div><div class=\"swiper-slide\" role=\"group\" aria-roledescription=\"slide\" aria-label=\"6 of 8\"><a data-elementor-open-lightbox=\"yes\" data-elementor-lightbox-slideshow=\"54efe125\" data-elementor-lightbox-title=\"Detail mini postavi\u010dky - fotenie\" data-e-action-hash=\"#elementor-action%3Aaction%3Dlightbox%26settings%3DeyJpZCI6MTgwMCwidXJsIjoiaHR0cHM6XC9cL3plbGluYXdvcmxkLmNvbVwvd3AtY29udGVudFwvdXBsb2Fkc1wvMjAyMVwvMDNcL3plbGluYS13b3JsZC1taW5pLXBvc3Rhdmlja3ktZm90ZW5pZS5qcGciLCJzbGlkZXNob3ciOiI1NGVmZTEyNSJ9\" href=\"https:\/\/zelinaworld.com\/wp-content\/uploads\/2021\/03\/zelina-world-mini-postavicky-fotenie.jpg\"><figure class=\"swiper-slide-inner\"><img decoding=\"async\" class=\"swiper-slide-image\" src=\"https:\/\/zelinaworld.com\/wp-content\/uploads\/elementor\/thumbs\/zelina-world-mini-postavicky-fotenie-p3l3elqzkcj8i405vxiw3841jal8b7xwdp9qinm7js.jpg\" alt=\"Zelina world detail mini postavi\u010dky - fotenie\" \/><\/figure><\/a><\/div><div class=\"swiper-slide\" role=\"group\" aria-roledescription=\"slide\" aria-label=\"7 of 8\"><a data-elementor-open-lightbox=\"yes\" data-elementor-lightbox-slideshow=\"54efe125\" data-elementor-lightbox-title=\"Zelina world krabi\u010dka\" data-e-action-hash=\"#elementor-action%3Aaction%3Dlightbox%26settings%3DeyJpZCI6MTc2MiwidXJsIjoiaHR0cHM6XC9cL3plbGluYXdvcmxkLmNvbVwvd3AtY29udGVudFwvdXBsb2Fkc1wvMjAyMVwvMDJcL1plbGluYS13b3JsZC1rcmFiaWNrYTEtMS5qcGciLCJzbGlkZXNob3ciOiI1NGVmZTEyNSJ9\" href=\"https:\/\/zelinaworld.com\/wp-content\/uploads\/2021\/02\/Zelina-world-krabicka1-1.jpg\"><figure class=\"swiper-slide-inner\"><img decoding=\"async\" class=\"swiper-slide-image\" src=\"https:\/\/zelinaworld.com\/wp-content\/uploads\/elementor\/thumbs\/Zelina-world-krabicka1-1-p3ho9o26ba6gi53a49qdgd06m1ys3ahrwpg15edi2g.jpg\" alt=\"Zelina world krabi\u010dka\" \/><\/figure><\/a><\/div><div class=\"swiper-slide\" role=\"group\" aria-roledescription=\"slide\" aria-label=\"8 of 8\"><a data-elementor-open-lightbox=\"yes\" data-elementor-lightbox-slideshow=\"54efe125\" data-elementor-lightbox-title=\"detail mini postavi\u010dky\" data-e-action-hash=\"#elementor-action%3Aaction%3Dlightbox%26settings%3DeyJpZCI6MTc5OSwidXJsIjoiaHR0cHM6XC9cL3plbGluYXdvcmxkLmNvbVwvd3AtY29udGVudFwvdXBsb2Fkc1wvMjAyMVwvMDNcL21pbmlwb3N0YXZpY2t5LWZvdGVuaWUxLmpwZyIsInNsaWRlc2hvdyI6IjU0ZWZlMTI1In0%3D\" href=\"https:\/\/zelinaworld.com\/wp-content\/uploads\/2021\/03\/minipostavicky-fotenie1.jpg\"><figure class=\"swiper-slide-inner\"><img decoding=\"async\" class=\"swiper-slide-image\" src=\"https:\/\/zelinaworld.com\/wp-content\/uploads\/elementor\/thumbs\/minipostavicky-fotenie1-p3kgdk3jotmsfk8mxkkswfk3osun9soqeb0ggsunjs.jpg\" alt=\"detail mini postavi\u010dky\" \/><\/figure><\/a><\/div>\t\t\t<\/div>\n\t\t\t\t\t\t\t\n\t\t\t\t\t\t\t\t\t<div class=\"swiper-pagination\"><\/div>\n\t\t\t\t\t\t\t\t\t<\/div>\n\t\t\t\t\t\t<\/div>\n\t\t\t\t<\/div>\n\t\t\t\t<div class=\"elementor-element elementor-element-168749d5 elementor-align-center elementor-widget elementor-widget-button\" data-id=\"168749d5\" data-element_type=\"widget\" data-e-type=\"widget\" data-widget_type=\"button.default\">\n\t\t\t\t<div class=\"elementor-widget-container\">\n\t\t\t\t\t\t\t\t\t<div class=\"elementor-button-wrapper\">\n\t\t\t\t\t<a class=\"elementor-button elementor-button-link elementor-size-lg\" href=\"https:\/\/www.zelinaworld.com\/objednat-krabicku\/\">\n\t\t\t\t\t\t<span class=\"elementor-button-content-wrapper\">\n\t\t\t\t\t\t<span class=\"elementor-button-icon\">\n\t\t\t\t<i aria-hidden=\"true\" class=\"far fa-arrow-alt-circle-right\"><\/i>\t\t\t<\/span>\n\t\t\t\t\t\t\t\t\t<span class=\"elementor-button-text\">Objedna\u0165 krabi\u010dku<\/span>\n\t\t\t\t\t<\/span>\n\t\t\t\t\t<\/a>\n\t\t\t\t<\/div>\n\t\t\t\t\t\t\t\t<\/div>\n\t\t\t\t<\/div>\n\t\t\t\t<div class=\"elementor-element elementor-element-7951e0c elementor-widget elementor-widget-spacer\" data-id=\"7951e0c\" data-element_type=\"widget\" data-e-type=\"widget\" data-widget_type=\"spacer.default\">\n\t\t\t\t<div class=\"elementor-widget-container\">\n\t\t\t\t\t\t\t<div class=\"elementor-spacer\">\n\t\t\t<div class=\"elementor-spacer-inner\"><\/div>\n\t\t<\/div>\n\t\t\t\t\t\t<\/div>\n\t\t\t\t<\/div>\n\t\t\t\t\t<\/div>\n\t\t<\/div>\n\t\t\t\t\t<\/div>\n\t\t<\/section>\n\t\t\t\t<\/div>\n\t\t","protected":false},"excerpt":{"rendered":"<p>Krabi\u010dka T\u00fala\u0165 sa pr\u00edrodou a zaostrova\u0165 na veci ktor\u00e9 ste mo\u017eno dovtedy prehliadali je z\u00e1bava.Dreven\u00e1 krabi\u010dka obsahuje dve sady postavi\u010diek pod\u013ea v\u00e1\u0161ho v\u00fdber a pinzetu. K nov\u00e9mu hobby potrebujete chu\u0165 \u00eds\u0165 do pr\u00edrody,be\u017en\u00fd telef\u00f3n a h\u013eada\u0165 zauj\u00edmav\u00e9 detaily kde sa bude odohr\u00e1va\u0165 v\u00e1\u0161 pr\u00edbeh. Nezabudnite zdiela\u0165 fotky na #minipostavicky Objedna\u0165 krabi\u010dku<\/p>\n","protected":false},"author":4,"featured_media":0,"parent":0,"menu_order":0,"comment_status":"closed","ping_status":"closed","template":"","meta":{"iawp_total_views":1,"footnotes":""},"class_list":["post-1917","page","type-page","status-publish","hentry"],"_links":{"self":[{"href":"https:\/\/zelinaworld.com\/en\/wp-json\/wp\/v2\/pages\/1917","targetHints":{"allow":["GET"]}}],"collection":[{"href":"https:\/\/zelinaworld.com\/en\/wp-json\/wp\/v2\/pages"}],"about":[{"href":"https:\/\/zelinaworld.com\/en\/wp-json\/wp\/v2\/types\/page"}],"author":[{"embeddable":true,"href":"https:\/\/zelinaworld.com\/en\/wp-json\/wp\/v2\/users\/4"}],"replies":[{"embeddable":true,"href":"https:\/\/zelinaworld.com\/en\/wp-json\/wp\/v2\/comments?post=1917"}],"version-history":[{"count":0,"href":"https:\/\/zelinaworld.com\/en\/wp-json\/wp\/v2\/pages\/1917\/revisions"}],"wp:attachment":[{"href":"https:\/\/zelinaworld.com\/en\/wp-json\/wp\/v2\/media?parent=1917"}],"curies":[{"name":"wp","href":"https:\/\/api.w.org\/{rel}","templated":true}]}}