{"id":1921,"date":"2022-12-20T12:13:00","date_gmt":"2022-12-20T11:13:00","guid":{"rendered":"https:\/\/www.zelinaworld.com\/gallery\/"},"modified":"2024-01-23T11:43:24","modified_gmt":"2024-01-23T10:43:24","slug":"gallery","status":"publish","type":"page","link":"https:\/\/zelinaworld.com\/en\/gallery\/","title":{"rendered":"Gallery"},"content":{"rendered":"\t\t<div data-elementor-type=\"wp-page\" data-elementor-id=\"1921\" class=\"elementor elementor-1921 elementor-76\" data-elementor-post-type=\"page\">\n\t\t\t\t\t\t<section class=\"elementor-section elementor-top-section elementor-element elementor-element-78cf3a4c elementor-section-boxed elementor-section-height-default elementor-section-height-default\" data-id=\"78cf3a4c\" data-element_type=\"section\" data-e-type=\"section\">\n\t\t\t\t\t\t<div class=\"elementor-container elementor-column-gap-default\">\n\t\t\t\t\t<div class=\"elementor-column elementor-col-100 elementor-top-column elementor-element elementor-element-2be54371\" data-id=\"2be54371\" data-element_type=\"column\" data-e-type=\"column\">\n\t\t\t<div class=\"elementor-widget-wrap elementor-element-populated\">\n\t\t\t\t\t\t<div class=\"elementor-element elementor-element-54234308 elementor-widget elementor-widget-heading\" data-id=\"54234308\" data-element_type=\"widget\" data-e-type=\"widget\" data-widget_type=\"heading.default\">\n\t\t\t\t<div class=\"elementor-widget-container\">\n\t\t\t\t\t<h1 class=\"elementor-heading-title elementor-size-xl\">Gallery<\/h1>\t\t\t\t<\/div>\n\t\t\t\t<\/div>\n\t\t\t\t<div class=\"elementor-element elementor-element-57955b40 elementor-widget elementor-widget-heading\" data-id=\"57955b40\" data-element_type=\"widget\" data-e-type=\"widget\" data-widget_type=\"heading.default\">\n\t\t\t\t<div class=\"elementor-widget-container\">\n\t\t\t\t\t<h2 class=\"elementor-heading-title elementor-size-default\">Size M<\/h2>\t\t\t\t<\/div>\n\t\t\t\t<\/div>\n\t\t\t\t<div class=\"elementor-element elementor-element-a850bad elementor-widget elementor-widget-gallery\" data-id=\"a850bad\" data-element_type=\"widget\" data-e-type=\"widget\" data-settings=\"{&quot;gallery_layout&quot;:&quot;justified&quot;,&quot;lazyload&quot;:&quot;yes&quot;,&quot;ideal_row_height&quot;:{&quot;unit&quot;:&quot;px&quot;,&quot;size&quot;:200,&quot;sizes&quot;:[]},&quot;ideal_row_height_tablet&quot;:{&quot;unit&quot;:&quot;px&quot;,&quot;size&quot;:150,&quot;sizes&quot;:[]},&quot;ideal_row_height_mobile&quot;:{&quot;unit&quot;:&quot;px&quot;,&quot;size&quot;:150,&quot;sizes&quot;:[]},&quot;gap&quot;:{&quot;unit&quot;:&quot;px&quot;,&quot;size&quot;:10,&quot;sizes&quot;:[]},&quot;gap_tablet&quot;:{&quot;unit&quot;:&quot;px&quot;,&quot;size&quot;:10,&quot;sizes&quot;:[]},&quot;gap_mobile&quot;:{&quot;unit&quot;:&quot;px&quot;,&quot;size&quot;:10,&quot;sizes&quot;:[]},&quot;link_to&quot;:&quot;file&quot;,&quot;overlay_background&quot;:&quot;yes&quot;,&quot;content_hover_animation&quot;:&quot;fade-in&quot;}\" data-widget_type=\"gallery.default\">\n\t\t\t\t<div class=\"elementor-widget-container\">\n\t\t\t\t\t\t\t<div class=\"elementor-gallery__container\">\n\t\t\t\t\t\t\t<a class=\"e-gallery-item elementor-gallery-item elementor-animated-content\" href=\"https:\/\/zelinaworld.com\/wp-content\/uploads\/2022\/01\/petite-and-mars.jpg\" data-elementor-open-lightbox=\"yes\" data-elementor-lightbox-slideshow=\"a850bad\" data-elementor-lightbox-title=\"Rastlinn\u00e9 Ter\u00e1rium Zelina World\" data-elementor-lightbox-description=\"Rastlinn\u00e9 Ter\u00e1rium Zelina World\" data-e-action-hash=\"#elementor-action%3Aaction%3Dlightbox%26settings%3DeyJpZCI6MTI5NiwidXJsIjoiaHR0cHM6XC9cL3plbGluYXdvcmxkLmNvbVwvd3AtY29udGVudFwvdXBsb2Fkc1wvMjAyMlwvMDFcL3BldGl0ZS1hbmQtbWFycy5qcGciLCJzbGlkZXNob3ciOiJhODUwYmFkIn0%3D\">\n\t\t\t\t\t<div class=\"e-gallery-image elementor-gallery-item__image\" data-thumbnail=\"https:\/\/zelinaworld.com\/wp-content\/uploads\/2022\/01\/petite-and-mars.jpg\" data-width=\"1500\" data-height=\"938\" aria-label=\"Rastlinn\u00e9 Ter\u00e1rium Zelina World\" role=\"img\" ><\/div>\n\t\t\t\t\t\t\t\t\t\t\t<div class=\"elementor-gallery-item__overlay\"><\/div>\n\t\t\t\t\t\t\t\t\t\t\t\t\t\t<\/a>\n\t\t\t\t\t\t\t<a class=\"e-gallery-item elementor-gallery-item elementor-animated-content\" href=\"https:\/\/zelinaworld.com\/wp-content\/uploads\/2021\/02\/Zelina-world-rastlinne-terarium-velkost-L3-1.jpg\" data-elementor-open-lightbox=\"yes\" data-elementor-lightbox-slideshow=\"a850bad\" data-elementor-lightbox-title=\"Zelina world Ratlinn\u00e9 ter\u00e1rium ve\u013ekos\u0165 L\" data-e-action-hash=\"#elementor-action%3Aaction%3Dlightbox%26settings%3DeyJpZCI6Mzg4LCJ1cmwiOiJodHRwczpcL1wvemVsaW5hd29ybGQuY29tXC93cC1jb250ZW50XC91cGxvYWRzXC8yMDIxXC8wMlwvWmVsaW5hLXdvcmxkLXJhc3RsaW5uZS10ZXJhcml1bS12ZWxrb3N0LUwzLTEuanBnIiwic2xpZGVzaG93IjoiYTg1MGJhZCJ9\">\n\t\t\t\t\t<div class=\"e-gallery-image elementor-gallery-item__image\" data-thumbnail=\"https:\/\/zelinaworld.com\/wp-content\/uploads\/2021\/02\/Zelina-world-rastlinne-terarium-velkost-L3-1.jpg\" data-width=\"1920\" data-height=\"1280\" aria-label=\"Zelina world Rastlinn\u00e9 ter\u00e1rium ve\u013ekos\u0165 L\" role=\"img\" ><\/div>\n\t\t\t\t\t\t\t\t\t\t\t<div class=\"elementor-gallery-item__overlay\"><\/div>\n\t\t\t\t\t\t\t\t\t\t\t\t\t\t<\/a>\n\t\t\t\t\t\t\t<a class=\"e-gallery-item elementor-gallery-item elementor-animated-content\" href=\"https:\/\/zelinaworld.com\/wp-content\/uploads\/2021\/02\/Zelina-world-ratslinne-terarium-velkost-M-1.jpg\" data-elementor-open-lightbox=\"yes\" data-elementor-lightbox-slideshow=\"a850bad\" data-elementor-lightbox-title=\"Rastlinn\u00e9 ter\u00e1rium ve\u013ekos\u0165 M\" data-e-action-hash=\"#elementor-action%3Aaction%3Dlightbox%26settings%3DeyJpZCI6MzgxLCJ1cmwiOiJodHRwczpcL1wvemVsaW5hd29ybGQuY29tXC93cC1jb250ZW50XC91cGxvYWRzXC8yMDIxXC8wMlwvWmVsaW5hLXdvcmxkLXJhdHNsaW5uZS10ZXJhcml1bS12ZWxrb3N0LU0tMS5qcGciLCJzbGlkZXNob3ciOiJhODUwYmFkIn0%3D\">\n\t\t\t\t\t<div class=\"e-gallery-image elementor-gallery-item__image\" data-thumbnail=\"https:\/\/zelinaworld.com\/wp-content\/uploads\/2021\/02\/Zelina-world-ratslinne-terarium-velkost-M-1.jpg\" data-width=\"1920\" data-height=\"1869\" aria-label=\"Zelina world Rastlinn\u00e9 ter\u00e1rium ve\u013ekos\u0165 M\" role=\"img\" ><\/div>\n\t\t\t\t\t\t\t\t\t\t\t<div class=\"elementor-gallery-item__overlay\"><\/div>\n\t\t\t\t\t\t\t\t\t\t\t\t\t\t<\/a>\n\t\t\t\t\t\t\t<a class=\"e-gallery-item elementor-gallery-item elementor-animated-content\" href=\"https:\/\/zelinaworld.com\/wp-content\/uploads\/2021\/02\/Zelina-world-terarium-velkost-M1-1.jpg\" data-elementor-open-lightbox=\"yes\" data-elementor-lightbox-slideshow=\"a850bad\" data-elementor-lightbox-title=\"Rastlinn\u00e9 ter\u00e1rium ve\u013ekos\u0165 M\" data-e-action-hash=\"#elementor-action%3Aaction%3Dlightbox%26settings%3DeyJpZCI6MzgwLCJ1cmwiOiJodHRwczpcL1wvemVsaW5hd29ybGQuY29tXC93cC1jb250ZW50XC91cGxvYWRzXC8yMDIxXC8wMlwvWmVsaW5hLXdvcmxkLXRlcmFyaXVtLXZlbGtvc3QtTTEtMS5qcGciLCJzbGlkZXNob3ciOiJhODUwYmFkIn0%3D\">\n\t\t\t\t\t<div class=\"e-gallery-image elementor-gallery-item__image\" data-thumbnail=\"https:\/\/zelinaworld.com\/wp-content\/uploads\/2021\/02\/Zelina-world-terarium-velkost-M1-1.jpg\" data-width=\"1920\" data-height=\"1280\" aria-label=\"Zelina world Rastlinn\u00e9 ter\u00e1rium ve\u013ekos\u0165 M\" role=\"img\" ><\/div>\n\t\t\t\t\t\t\t\t\t\t\t<div class=\"elementor-gallery-item__overlay\"><\/div>\n\t\t\t\t\t\t\t\t\t\t\t\t\t\t<\/a>\n\t\t\t\t\t<\/div>\n\t\t\t\t\t<\/div>\n\t\t\t\t<\/div>\n\t\t\t\t<div class=\"elementor-element elementor-element-4f14090c elementor-widget elementor-widget-heading\" data-id=\"4f14090c\" data-element_type=\"widget\" data-e-type=\"widget\" data-widget_type=\"heading.default\">\n\t\t\t\t<div class=\"elementor-widget-container\">\n\t\t\t\t\t<h2 class=\"elementor-heading-title elementor-size-default\">Size L<\/h2>\t\t\t\t<\/div>\n\t\t\t\t<\/div>\n\t\t\t\t<div class=\"elementor-element elementor-element-9bf0c91 elementor-widget elementor-widget-gallery\" data-id=\"9bf0c91\" data-element_type=\"widget\" data-e-type=\"widget\" data-settings=\"{&quot;gallery_layout&quot;:&quot;justified&quot;,&quot;lazyload&quot;:&quot;yes&quot;,&quot;ideal_row_height&quot;:{&quot;unit&quot;:&quot;px&quot;,&quot;size&quot;:200,&quot;sizes&quot;:[]},&quot;ideal_row_height_tablet&quot;:{&quot;unit&quot;:&quot;px&quot;,&quot;size&quot;:150,&quot;sizes&quot;:[]},&quot;ideal_row_height_mobile&quot;:{&quot;unit&quot;:&quot;px&quot;,&quot;size&quot;:150,&quot;sizes&quot;:[]},&quot;gap&quot;:{&quot;unit&quot;:&quot;px&quot;,&quot;size&quot;:10,&quot;sizes&quot;:[]},&quot;gap_tablet&quot;:{&quot;unit&quot;:&quot;px&quot;,&quot;size&quot;:10,&quot;sizes&quot;:[]},&quot;gap_mobile&quot;:{&quot;unit&quot;:&quot;px&quot;,&quot;size&quot;:10,&quot;sizes&quot;:[]},&quot;link_to&quot;:&quot;file&quot;,&quot;overlay_background&quot;:&quot;yes&quot;,&quot;content_hover_animation&quot;:&quot;fade-in&quot;}\" data-widget_type=\"gallery.default\">\n\t\t\t\t<div class=\"elementor-widget-container\">\n\t\t\t\t\t\t\t<div class=\"elementor-gallery__container\">\n\t\t\t\t\t\t\t<a class=\"e-gallery-item elementor-gallery-item elementor-animated-content\" href=\"https:\/\/zelinaworld.com\/wp-content\/uploads\/2022\/01\/Zelina-world-rastlinne-terarium-velkost-L-1.jpeg\" data-elementor-open-lightbox=\"yes\" data-elementor-lightbox-slideshow=\"9bf0c91\" data-elementor-lightbox-title=\"Rastlinn\u00e9 Ter\u00e1rium Zelina World\" data-elementor-lightbox-description=\"Rastlinn\u00e9 Ter\u00e1rium Zelina World\" data-e-action-hash=\"#elementor-action%3Aaction%3Dlightbox%26settings%3DeyJpZCI6MTMwNCwidXJsIjoiaHR0cHM6XC9cL3plbGluYXdvcmxkLmNvbVwvd3AtY29udGVudFwvdXBsb2Fkc1wvMjAyMlwvMDFcL1plbGluYS13b3JsZC1yYXN0bGlubmUtdGVyYXJpdW0tdmVsa29zdC1MLTEuanBlZyIsInNsaWRlc2hvdyI6IjliZjBjOTEifQ%3D%3D\">\n\t\t\t\t\t<div class=\"e-gallery-image elementor-gallery-item__image\" data-thumbnail=\"https:\/\/zelinaworld.com\/wp-content\/uploads\/2022\/01\/Zelina-world-rastlinne-terarium-velkost-L-1.jpeg\" data-width=\"1920\" data-height=\"1736\" aria-label=\"Rastlinn\u00e9 Ter\u00e1rium Zelina World\" role=\"img\" ><\/div>\n\t\t\t\t\t\t\t\t\t\t\t<div class=\"elementor-gallery-item__overlay\"><\/div>\n\t\t\t\t\t\t\t\t\t\t\t\t\t\t<\/a>\n\t\t\t\t\t\t\t<a class=\"e-gallery-item elementor-gallery-item elementor-animated-content\" href=\"https:\/\/zelinaworld.com\/wp-content\/uploads\/2022\/01\/terarium-srnky.jpg\" data-elementor-open-lightbox=\"yes\" data-elementor-lightbox-slideshow=\"9bf0c91\" data-elementor-lightbox-title=\"terarium srnky\" data-e-action-hash=\"#elementor-action%3Aaction%3Dlightbox%26settings%3DeyJpZCI6MTMwMCwidXJsIjoiaHR0cHM6XC9cL3plbGluYXdvcmxkLmNvbVwvd3AtY29udGVudFwvdXBsb2Fkc1wvMjAyMlwvMDFcL3RlcmFyaXVtLXNybmt5LmpwZyIsInNsaWRlc2hvdyI6IjliZjBjOTEifQ%3D%3D\">\n\t\t\t\t\t<div class=\"e-gallery-image elementor-gallery-item__image\" data-thumbnail=\"https:\/\/zelinaworld.com\/wp-content\/uploads\/2022\/01\/terarium-srnky.jpg\" data-width=\"1200\" data-height=\"1690\" aria-label=\"\" role=\"img\" ><\/div>\n\t\t\t\t\t\t\t\t\t\t\t<div class=\"elementor-gallery-item__overlay\"><\/div>\n\t\t\t\t\t\t\t\t\t\t\t\t\t\t<\/a>\n\t\t\t\t\t\t\t<a class=\"e-gallery-item elementor-gallery-item elementor-animated-content\" href=\"https:\/\/zelinaworld.com\/wp-content\/uploads\/2022\/01\/terarium-biznisman-1.jpg\" data-elementor-open-lightbox=\"yes\" data-elementor-lightbox-slideshow=\"9bf0c91\" data-elementor-lightbox-title=\"Rastlinn\u00e9 Ter\u00e1rium Zelina World\" data-elementor-lightbox-description=\"Rastlinn\u00e9 Ter\u00e1rium Zelina World\" data-e-action-hash=\"#elementor-action%3Aaction%3Dlightbox%26settings%3DeyJpZCI6MTI5OSwidXJsIjoiaHR0cHM6XC9cL3plbGluYXdvcmxkLmNvbVwvd3AtY29udGVudFwvdXBsb2Fkc1wvMjAyMlwvMDFcL3RlcmFyaXVtLWJpem5pc21hbi0xLmpwZyIsInNsaWRlc2hvdyI6IjliZjBjOTEifQ%3D%3D\">\n\t\t\t\t\t<div class=\"e-gallery-image elementor-gallery-item__image\" data-thumbnail=\"https:\/\/zelinaworld.com\/wp-content\/uploads\/2022\/01\/terarium-biznisman-1.jpg\" data-width=\"1200\" data-height=\"1688\" aria-label=\"Rastlinn\u00e9 Ter\u00e1rium Zelina World\" role=\"img\" ><\/div>\n\t\t\t\t\t\t\t\t\t\t\t<div class=\"elementor-gallery-item__overlay\"><\/div>\n\t\t\t\t\t\t\t\t\t\t\t\t\t\t<\/a>\n\t\t\t\t\t\t\t<a class=\"e-gallery-item elementor-gallery-item elementor-animated-content\" href=\"https:\/\/zelinaworld.com\/wp-content\/uploads\/2022\/01\/IMG_9944.jpg\" data-elementor-open-lightbox=\"yes\" data-elementor-lightbox-slideshow=\"9bf0c91\" data-elementor-lightbox-title=\"IMG_9944\" data-e-action-hash=\"#elementor-action%3Aaction%3Dlightbox%26settings%3DeyJpZCI6MTI5MiwidXJsIjoiaHR0cHM6XC9cL3plbGluYXdvcmxkLmNvbVwvd3AtY29udGVudFwvdXBsb2Fkc1wvMjAyMlwvMDFcL0lNR185OTQ0LmpwZyIsInNsaWRlc2hvdyI6IjliZjBjOTEifQ%3D%3D\">\n\t\t\t\t\t<div class=\"e-gallery-image elementor-gallery-item__image\" data-thumbnail=\"https:\/\/zelinaworld.com\/wp-content\/uploads\/2022\/01\/IMG_9944.jpg\" data-width=\"1500\" data-height=\"1040\" aria-label=\"\" role=\"img\" ><\/div>\n\t\t\t\t\t\t\t\t\t\t\t<div class=\"elementor-gallery-item__overlay\"><\/div>\n\t\t\t\t\t\t\t\t\t\t\t\t\t\t<\/a>\n\t\t\t\t\t\t\t<a class=\"e-gallery-item elementor-gallery-item elementor-animated-content\" href=\"https:\/\/zelinaworld.com\/wp-content\/uploads\/2022\/01\/IMG_9940.jpg\" data-elementor-open-lightbox=\"yes\" data-elementor-lightbox-slideshow=\"9bf0c91\" data-elementor-lightbox-title=\"Rastlinn\u00e9 Ter\u00e1rium Zelina WorldRastlinn\u00e9 Ter\u00e1rium Zelina World\" data-elementor-lightbox-description=\"Rastlinn\u00e9 Ter\u00e1rium Zelina World\" data-e-action-hash=\"#elementor-action%3Aaction%3Dlightbox%26settings%3DeyJpZCI6MTI5MSwidXJsIjoiaHR0cHM6XC9cL3plbGluYXdvcmxkLmNvbVwvd3AtY29udGVudFwvdXBsb2Fkc1wvMjAyMlwvMDFcL0lNR185OTQwLmpwZyIsInNsaWRlc2hvdyI6IjliZjBjOTEifQ%3D%3D\">\n\t\t\t\t\t<div class=\"e-gallery-image elementor-gallery-item__image\" data-thumbnail=\"https:\/\/zelinaworld.com\/wp-content\/uploads\/2022\/01\/IMG_9940.jpg\" data-width=\"1500\" data-height=\"1552\" aria-label=\"Rastlinn\u00e9 Ter\u00e1rium Zelina World\" role=\"img\" ><\/div>\n\t\t\t\t\t\t\t\t\t\t\t<div class=\"elementor-gallery-item__overlay\"><\/div>\n\t\t\t\t\t\t\t\t\t\t\t\t\t\t<\/a>\n\t\t\t\t\t\t\t<a class=\"e-gallery-item elementor-gallery-item elementor-animated-content\" href=\"https:\/\/zelinaworld.com\/wp-content\/uploads\/2022\/01\/velkost-L.jpg\" data-elementor-open-lightbox=\"yes\" data-elementor-lightbox-slideshow=\"9bf0c91\" data-elementor-lightbox-title=\"velkost L\" data-e-action-hash=\"#elementor-action%3Aaction%3Dlightbox%26settings%3DeyJpZCI6MTI2NSwidXJsIjoiaHR0cHM6XC9cL3plbGluYXdvcmxkLmNvbVwvd3AtY29udGVudFwvdXBsb2Fkc1wvMjAyMlwvMDFcL3ZlbGtvc3QtTC5qcGciLCJzbGlkZXNob3ciOiI5YmYwYzkxIn0%3D\">\n\t\t\t\t\t<div class=\"e-gallery-image elementor-gallery-item__image\" data-thumbnail=\"https:\/\/zelinaworld.com\/wp-content\/uploads\/2022\/01\/velkost-L.jpg\" data-width=\"1200\" data-height=\"1500\" aria-label=\"\" role=\"img\" ><\/div>\n\t\t\t\t\t\t\t\t\t\t\t<div class=\"elementor-gallery-item__overlay\"><\/div>\n\t\t\t\t\t\t\t\t\t\t\t\t\t\t<\/a>\n\t\t\t\t\t<\/div>\n\t\t\t\t\t<\/div>\n\t\t\t\t<\/div>\n\t\t\t\t<div class=\"elementor-element elementor-element-328e906d elementor-widget elementor-widget-heading\" data-id=\"328e906d\" data-element_type=\"widget\" data-e-type=\"widget\" data-widget_type=\"heading.default\">\n\t\t\t\t<div class=\"elementor-widget-container\">\n\t\t\t\t\t<h2 class=\"elementor-heading-title elementor-size-default\">Size XL<\/h2>\t\t\t\t<\/div>\n\t\t\t\t<\/div>\n\t\t\t\t<div class=\"elementor-element elementor-element-97739ca elementor-widget elementor-widget-gallery\" data-id=\"97739ca\" data-element_type=\"widget\" data-e-type=\"widget\" data-settings=\"{&quot;gallery_layout&quot;:&quot;justified&quot;,&quot;lazyload&quot;:&quot;yes&quot;,&quot;ideal_row_height&quot;:{&quot;unit&quot;:&quot;px&quot;,&quot;size&quot;:200,&quot;sizes&quot;:[]},&quot;ideal_row_height_tablet&quot;:{&quot;unit&quot;:&quot;px&quot;,&quot;size&quot;:150,&quot;sizes&quot;:[]},&quot;ideal_row_height_mobile&quot;:{&quot;unit&quot;:&quot;px&quot;,&quot;size&quot;:150,&quot;sizes&quot;:[]},&quot;gap&quot;:{&quot;unit&quot;:&quot;px&quot;,&quot;size&quot;:10,&quot;sizes&quot;:[]},&quot;gap_tablet&quot;:{&quot;unit&quot;:&quot;px&quot;,&quot;size&quot;:10,&quot;sizes&quot;:[]},&quot;gap_mobile&quot;:{&quot;unit&quot;:&quot;px&quot;,&quot;size&quot;:10,&quot;sizes&quot;:[]},&quot;link_to&quot;:&quot;file&quot;,&quot;overlay_background&quot;:&quot;yes&quot;,&quot;content_hover_animation&quot;:&quot;fade-in&quot;}\" data-widget_type=\"gallery.default\">\n\t\t\t\t<div class=\"elementor-widget-container\">\n\t\t\t\t\t\t\t<div class=\"elementor-gallery__container\">\n\t\t\t\t\t\t\t<a class=\"e-gallery-item elementor-gallery-item elementor-animated-content\" href=\"https:\/\/zelinaworld.com\/wp-content\/uploads\/2022\/01\/krasa.jpg\" data-elementor-open-lightbox=\"yes\" data-elementor-lightbox-slideshow=\"97739ca\" data-elementor-lightbox-title=\"Rastlinn\u00e9 Ter\u00e1rium Zelina World\" data-elementor-lightbox-description=\"Rastlinn\u00e9 Ter\u00e1rium Zelina World\" data-e-action-hash=\"#elementor-action%3Aaction%3Dlightbox%26settings%3DeyJpZCI6MTI5NCwidXJsIjoiaHR0cHM6XC9cL3plbGluYXdvcmxkLmNvbVwvd3AtY29udGVudFwvdXBsb2Fkc1wvMjAyMlwvMDFcL2tyYXNhLmpwZyIsInNsaWRlc2hvdyI6Ijk3NzM5Y2EifQ%3D%3D\">\n\t\t\t\t\t<div class=\"e-gallery-image elementor-gallery-item__image\" data-thumbnail=\"https:\/\/zelinaworld.com\/wp-content\/uploads\/2022\/01\/krasa.jpg\" data-width=\"1500\" data-height=\"1097\" aria-label=\"Rastlinn\u00e9 Ter\u00e1rium Zelina World\" role=\"img\" ><\/div>\n\t\t\t\t\t\t\t\t\t\t\t<div class=\"elementor-gallery-item__overlay\"><\/div>\n\t\t\t\t\t\t\t\t\t\t\t\t\t\t<\/a>\n\t\t\t\t\t\t\t<a class=\"e-gallery-item elementor-gallery-item elementor-animated-content\" href=\"https:\/\/zelinaworld.com\/wp-content\/uploads\/2021\/02\/Zelina-world-rastlinny-svet-velkost-XL1-1.jpg\" data-elementor-open-lightbox=\"yes\" data-elementor-lightbox-slideshow=\"97739ca\" data-elementor-lightbox-title=\"Raslinn\u00e9 ter\u00e1rium ve\u013ekos\u0165 XL\" data-e-action-hash=\"#elementor-action%3Aaction%3Dlightbox%26settings%3DeyJpZCI6MzkzLCJ1cmwiOiJodHRwczpcL1wvemVsaW5hd29ybGQuY29tXC93cC1jb250ZW50XC91cGxvYWRzXC8yMDIxXC8wMlwvWmVsaW5hLXdvcmxkLXJhc3RsaW5ueS1zdmV0LXZlbGtvc3QtWEwxLTEuanBnIiwic2xpZGVzaG93IjoiOTc3MzljYSJ9\">\n\t\t\t\t\t<div class=\"e-gallery-image elementor-gallery-item__image\" data-thumbnail=\"https:\/\/zelinaworld.com\/wp-content\/uploads\/2021\/02\/Zelina-world-rastlinny-svet-velkost-XL1-1.jpg\" data-width=\"1920\" data-height=\"2065\" aria-label=\"Zelina world Raslinn\u00e9 ter\u00e1rium ve\u013ekos\u0165 XL\" role=\"img\" ><\/div>\n\t\t\t\t\t\t\t\t\t\t\t<div class=\"elementor-gallery-item__overlay\"><\/div>\n\t\t\t\t\t\t\t\t\t\t\t\t\t\t<\/a>\n\t\t\t\t\t\t\t<a class=\"e-gallery-item elementor-gallery-item elementor-animated-content\" href=\"https:\/\/zelinaworld.com\/wp-content\/uploads\/2021\/02\/Zelina-world-rastlinne-terarium-velkost-XL2-1.jpg\" data-elementor-open-lightbox=\"yes\" data-elementor-lightbox-slideshow=\"97739ca\" data-elementor-lightbox-title=\"Raslinn\u00e9 ter\u00e1rium ve\u013ekos\u0165 XL\" data-e-action-hash=\"#elementor-action%3Aaction%3Dlightbox%26settings%3DeyJpZCI6Mzk0LCJ1cmwiOiJodHRwczpcL1wvemVsaW5hd29ybGQuY29tXC93cC1jb250ZW50XC91cGxvYWRzXC8yMDIxXC8wMlwvWmVsaW5hLXdvcmxkLXJhc3RsaW5uZS10ZXJhcml1bS12ZWxrb3N0LVhMMi0xLmpwZyIsInNsaWRlc2hvdyI6Ijk3NzM5Y2EifQ%3D%3D\">\n\t\t\t\t\t<div class=\"e-gallery-image elementor-gallery-item__image\" data-thumbnail=\"https:\/\/zelinaworld.com\/wp-content\/uploads\/2021\/02\/Zelina-world-rastlinne-terarium-velkost-XL2-1.jpg\" data-width=\"1920\" data-height=\"1994\" aria-label=\"Zelina world Raslinn\u00e9 ter\u00e1rium ve\u013ekos\u0165 XL\" role=\"img\" ><\/div>\n\t\t\t\t\t\t\t\t\t\t\t<div class=\"elementor-gallery-item__overlay\"><\/div>\n\t\t\t\t\t\t\t\t\t\t\t\t\t\t<\/a>\n\t\t\t\t\t<\/div>\n\t\t\t\t\t<\/div>\n\t\t\t\t<\/div>\n\t\t\t\t<div class=\"elementor-element elementor-element-584d01b3 elementor-widget elementor-widget-heading\" data-id=\"584d01b3\" data-element_type=\"widget\" data-e-type=\"widget\" data-widget_type=\"heading.default\">\n\t\t\t\t<div class=\"elementor-widget-container\">\n\t\t\t\t\t<h2 class=\"elementor-heading-title elementor-size-default\">The rest<\/h2>\t\t\t\t<\/div>\n\t\t\t\t<\/div>\n\t\t\t\t<div class=\"elementor-element elementor-element-1ff0b96 elementor-widget elementor-widget-image\" data-id=\"1ff0b96\" data-element_type=\"widget\" data-e-type=\"widget\" data-widget_type=\"image.default\">\n\t\t\t\t<div class=\"elementor-widget-container\">\n\t\t\t\t\t\t\t\t\t\t\t\t\t\t\t<img loading=\"lazy\" decoding=\"async\" width=\"768\" height=\"347\" src=\"https:\/\/zelinaworld.com\/wp-content\/uploads\/2021\/12\/Snimek-obrazovky-2019-01-04-v-21.21.49-768x347.png\" class=\"attachment-medium_large size-medium_large wp-image-1830\" alt=\"\" srcset=\"https:\/\/zelinaworld.com\/wp-content\/uploads\/2021\/12\/Snimek-obrazovky-2019-01-04-v-21.21.49-768x347.png 768w, https:\/\/zelinaworld.com\/wp-content\/uploads\/2021\/12\/Snimek-obrazovky-2019-01-04-v-21.21.49-300x136.png 300w, https:\/\/zelinaworld.com\/wp-content\/uploads\/2021\/12\/Snimek-obrazovky-2019-01-04-v-21.21.49.png 986w\" sizes=\"auto, (max-width: 768px) 100vw, 768px\" \/>\t\t\t\t\t\t\t\t\t\t\t\t\t\t\t<\/div>\n\t\t\t\t<\/div>\n\t\t\t\t\t<\/div>\n\t\t<\/div>\n\t\t\t\t\t<\/div>\n\t\t<\/section>\n\t\t\t\t<\/div>\n\t\t","protected":false},"excerpt":{"rendered":"<p>Gallery Size M Size L Size XL The rest<\/p>\n","protected":false},"author":4,"featured_media":0,"parent":0,"menu_order":0,"comment_status":"closed","ping_status":"closed","template":"","meta":{"iawp_total_views":14,"footnotes":""},"class_list":["post-1921","page","type-page","status-publish","hentry"],"_links":{"self":[{"href":"https:\/\/zelinaworld.com\/en\/wp-json\/wp\/v2\/pages\/1921","targetHints":{"allow":["GET"]}}],"collection":[{"href":"https:\/\/zelinaworld.com\/en\/wp-json\/wp\/v2\/pages"}],"about":[{"href":"https:\/\/zelinaworld.com\/en\/wp-json\/wp\/v2\/types\/page"}],"author":[{"embeddable":true,"href":"https:\/\/zelinaworld.com\/en\/wp-json\/wp\/v2\/users\/4"}],"replies":[{"embeddable":true,"href":"https:\/\/zelinaworld.com\/en\/wp-json\/wp\/v2\/comments?post=1921"}],"version-history":[{"count":0,"href":"https:\/\/zelinaworld.com\/en\/wp-json\/wp\/v2\/pages\/1921\/revisions"}],"wp:attachment":[{"href":"https:\/\/zelinaworld.com\/en\/wp-json\/wp\/v2\/media?parent=1921"}],"curies":[{"name":"wp","href":"https:\/\/api.w.org\/{rel}","templated":true}]}}