{"id":2064,"date":"2021-02-27T12:18:33","date_gmt":"2021-02-27T11:18:33","guid":{"rendered":"https:\/\/www.zelinaworld.com\/about-us\/"},"modified":"2024-01-31T14:45:02","modified_gmt":"2024-01-31T13:45:02","slug":"about-us","status":"publish","type":"page","link":"https:\/\/zelinaworld.com\/en\/about-us\/","title":{"rendered":"About us"},"content":{"rendered":"\t\t<div data-elementor-type=\"wp-page\" data-elementor-id=\"2064\" class=\"elementor elementor-2064 elementor-96\" data-elementor-post-type=\"page\">\n\t\t\t\t\t\t<section class=\"elementor-section elementor-top-section elementor-element elementor-element-5ea2bb1e elementor-section-content-middle elementor-section-boxed elementor-section-height-default elementor-section-height-default\" data-id=\"5ea2bb1e\" data-element_type=\"section\" data-e-type=\"section\">\n\t\t\t\t\t\t<div class=\"elementor-container elementor-column-gap-wider\">\n\t\t\t\t\t<div class=\"elementor-column elementor-col-50 elementor-top-column elementor-element elementor-element-5f452ee2\" data-id=\"5f452ee2\" data-element_type=\"column\" data-e-type=\"column\">\n\t\t\t<div class=\"elementor-widget-wrap elementor-element-populated\">\n\t\t\t\t\t\t<div class=\"elementor-element elementor-element-c08b88e elementor-widget elementor-widget-heading\" data-id=\"c08b88e\" data-element_type=\"widget\" data-e-type=\"widget\" data-widget_type=\"heading.default\">\n\t\t\t\t<div class=\"elementor-widget-container\">\n\t\t\t\t\t<h1 class=\"elementor-heading-title elementor-size-default\">The story of the brand<\/h1>\t\t\t\t<\/div>\n\t\t\t\t<\/div>\n\t\t\t\t<div class=\"elementor-element elementor-element-3b9f0f86 elementor-widget elementor-widget-text-editor\" data-id=\"3b9f0f86\" data-element_type=\"widget\" data-e-type=\"widget\" data-widget_type=\"text-editor.default\">\n\t\t\t\t<div class=\"elementor-widget-container\">\n\t\t\t\t\t\t\t\t\t<p>Hello, my name is Alex Zelina and the ZELINA brand is a project in which I am dedicated to the creation of plant terrariums &#8211; worlds. I call them worlds because to me they are not just decorative plant terrariums. I complete each of them with characters and miniatures for a story with an idea.<\/p>\n<p>Nature fascinates me. Its power, unpredictability, cycle, beauty. However, it angers me how easily we can turn our backs on her. We push it out of our lives, we destroy it, we simply cough it up. How could we not realize that we are part of her existence. Not ours. We her.<\/p>\n<p>Ako maliar a profesion\u00e1lny vizu\u00e1lny umelec s t\u00fdmito my\u0161lienkami pracujem len nepriamo, len ako s in\u0161pir\u00e1ciou. Pri tvorbe svetov ich v\u0161ak dok\u00e1\u017eem pretavi\u0165 do konkr\u00e9tnej formy, vzda\u0165 pr\u00edrode poctu, vyjadri\u0165 sa k n\u00e1\u0161mu vz\u0165ahu s \u0148ou. Odrazi\u0165 m\u00f4j postoj v drobnom, \u017eivom mikropr\u00edbehu.<\/p>\n<p>Zauj\u00edmaj\u00fa ma v\u0161ak aj be\u017en\u00e9, viac \u010di menej absurdn\u00e9 situ\u00e1cie z ka\u017edodenn\u00e9ho \u017eivota. R\u00e1d sa pozer\u00e1m a vn\u00edmam, milujem pocity a n\u00e1lady, ktor\u00e9 m\u00f4\u017eem spracova\u0165. A cez svety ich prinies\u0165 napr\u00edklad aj k v\u00e1m domov.<\/p>\n<p>Svety vn\u00edmam ako ve\u013emi \u017eiv\u00e9 umeleck\u00e9 m\u00e9dium, ktor\u00e9 dok\u00e1\u017ee rozpr\u00e1va\u0165. Svety nie s\u00fa len peknou ozdobou na polici alebo parapete, ale nes\u00fa obsah, ktor\u00fd reaguje na \u017eivot okolo n\u00e1s. Ten m\u00f4\u017ee by\u0165 hoci\u010d\u00edm \u2013 chlap kri\u010diaci na strom, hav\u00e1ria v d\u017eungli, po\u013eovn\u00edk a umieraj\u00faci jele\u0148. Svety s\u00fa ako \u017eivot \u2013 smutn\u00e9 a vesel\u00e9, no hlavne skuto\u010dn\u00e9 a \u017eiv\u00e9.<\/p>\n\t\t\t\t\t\t\t\t<\/div>\n\t\t\t\t<\/div>\n\t\t\t\t\t<\/div>\n\t\t<\/div>\n\t\t\t\t<div class=\"elementor-column elementor-col-50 elementor-top-column elementor-element elementor-element-6c3180ca\" data-id=\"6c3180ca\" data-element_type=\"column\" data-e-type=\"column\">\n\t\t\t<div class=\"elementor-widget-wrap elementor-element-populated\">\n\t\t\t\t\t\t<div class=\"elementor-element elementor-element-2da01474 elementor-widget elementor-widget-image\" data-id=\"2da01474\" data-element_type=\"widget\" data-e-type=\"widget\" data-widget_type=\"image.default\">\n\t\t\t\t<div class=\"elementor-widget-container\">\n\t\t\t\t\t\t\t\t\t\t\t\t\t\t\t<img loading=\"lazy\" decoding=\"async\" width=\"768\" height=\"1157\" src=\"https:\/\/zelinaworld.com\/wp-content\/uploads\/2021\/02\/Alex-Zelina-pribeh-znacky-1-768x1157.jpg\" class=\"attachment-medium_large size-medium_large wp-image-1649\" alt=\"\" srcset=\"https:\/\/zelinaworld.com\/wp-content\/uploads\/2021\/02\/Alex-Zelina-pribeh-znacky-1-768x1157.jpg 768w, https:\/\/zelinaworld.com\/wp-content\/uploads\/2021\/02\/Alex-Zelina-pribeh-znacky-1-199x300.jpg 199w, https:\/\/zelinaworld.com\/wp-content\/uploads\/2021\/02\/Alex-Zelina-pribeh-znacky-1-680x1024.jpg 680w, https:\/\/zelinaworld.com\/wp-content\/uploads\/2021\/02\/Alex-Zelina-pribeh-znacky-1-1020x1536.jpg 1020w, https:\/\/zelinaworld.com\/wp-content\/uploads\/2021\/02\/Alex-Zelina-pribeh-znacky-1-1360x2048.jpg 1360w, https:\/\/zelinaworld.com\/wp-content\/uploads\/2021\/02\/Alex-Zelina-pribeh-znacky-1.jpg 1700w\" sizes=\"auto, (max-width: 768px) 100vw, 768px\" \/>\t\t\t\t\t\t\t\t\t\t\t\t\t\t\t<\/div>\n\t\t\t\t<\/div>\n\t\t\t\t\t<\/div>\n\t\t<\/div>\n\t\t\t\t\t<\/div>\n\t\t<\/section>\n\t\t\t\t<section class=\"elementor-section elementor-top-section elementor-element elementor-element-a57ff36 elementor-section-height-min-height elementor-section-content-middle elementor-section-boxed elementor-section-height-default elementor-section-items-middle\" data-id=\"a57ff36\" data-element_type=\"section\" data-e-type=\"section\" data-settings=\"{&quot;background_background&quot;:&quot;classic&quot;}\">\n\t\t\t\t\t\t<div class=\"elementor-container elementor-column-gap-no\">\n\t\t\t\t\t<div class=\"elementor-column elementor-col-100 elementor-top-column elementor-element elementor-element-25989378\" data-id=\"25989378\" data-element_type=\"column\" data-e-type=\"column\">\n\t\t\t<div class=\"elementor-widget-wrap elementor-element-populated\">\n\t\t\t\t\t\t<div class=\"elementor-element elementor-element-24f6f6be elementor-skin-carousel elementor-arrows-yes elementor-widget elementor-widget-media-carousel\" data-id=\"24f6f6be\" data-element_type=\"widget\" data-e-type=\"widget\" data-settings=\"{&quot;slides_per_view&quot;:&quot;5&quot;,&quot;slides_to_scroll&quot;:&quot;1&quot;,&quot;space_between&quot;:{&quot;unit&quot;:&quot;px&quot;,&quot;size&quot;:15,&quot;sizes&quot;:[]},&quot;skin&quot;:&quot;carousel&quot;,&quot;effect&quot;:&quot;slide&quot;,&quot;show_arrows&quot;:&quot;yes&quot;,&quot;speed&quot;:500,&quot;autoplay&quot;:&quot;yes&quot;,&quot;autoplay_speed&quot;:5000,&quot;loop&quot;:&quot;yes&quot;,&quot;pause_on_hover&quot;:&quot;yes&quot;,&quot;pause_on_interaction&quot;:&quot;yes&quot;,&quot;space_between_tablet&quot;:{&quot;unit&quot;:&quot;px&quot;,&quot;size&quot;:10,&quot;sizes&quot;:[]},&quot;space_between_mobile&quot;:{&quot;unit&quot;:&quot;px&quot;,&quot;size&quot;:10,&quot;sizes&quot;:[]}}\" data-widget_type=\"media-carousel.default\">\n\t\t\t\t<div class=\"elementor-widget-container\">\n\t\t\t\t\t\t\t\t\t<div class=\"elementor-swiper\">\n\t\t\t\t\t<div class=\"elementor-main-swiper swiper\" role=\"region\" aria-roledescription=\"carousel\" aria-label=\"Slides\">\n\t\t\t\t<div class=\"swiper-wrapper\">\n\t\t\t\t\t\t\t\t\t\t\t<div class=\"swiper-slide\" role=\"group\" aria-roledescription=\"slide\">\n\t\t\t\t\t\t\t\t\t<div class=\"elementor-carousel-image\" role=\"img\" aria-label=\"logo-swiss-re-foundation\" style=\"background-image: url(&#039;https:\/\/zelinaworld.com\/wp-content\/uploads\/2021\/02\/logo-swiss-re-foundation-1.png&#039;)\">\n\n\t\t\t\n\t\t\t\t\t<\/div>\n\t\t\t\t\t\t\t\t<\/div>\n\t\t\t\t\t\t\t\t\t\t\t<div class=\"swiper-slide\" role=\"group\" aria-roledescription=\"slide\">\n\t\t\t\t\t\t\t\t\t<div class=\"elementor-carousel-image\" role=\"img\" aria-label=\"logo-nadacia-zse\" style=\"background-image: url(&#039;https:\/\/zelinaworld.com\/wp-content\/uploads\/2021\/02\/logo-nadacia-zse-1.png&#039;)\">\n\n\t\t\t\n\t\t\t\t\t<\/div>\n\t\t\t\t\t\t\t\t<\/div>\n\t\t\t\t\t\t\t\t\t\t\t<div class=\"swiper-slide\" role=\"group\" aria-roledescription=\"slide\">\n\t\t\t\t\t\t\t\t\t<div class=\"elementor-carousel-image\" role=\"img\" aria-label=\"logo-bratislavsky-samospravny-kraj\" style=\"background-image: url(&#039;https:\/\/zelinaworld.com\/wp-content\/uploads\/2021\/02\/logo-bratislavsky-samospravny-kraj-1.png&#039;)\">\n\n\t\t\t\n\t\t\t\t\t<\/div>\n\t\t\t\t\t\t\t\t<\/div>\n\t\t\t\t\t\t\t\t\t\t\t<div class=\"swiper-slide\" role=\"group\" aria-roledescription=\"slide\">\n\t\t\t\t\t\t\t\t\t<div class=\"elementor-carousel-image\" role=\"img\" aria-label=\"logo-bratislava-stare-mesto\" style=\"background-image: url(&#039;https:\/\/zelinaworld.com\/wp-content\/uploads\/2021\/02\/logo-bratislava-stare-mesto-1.png&#039;)\">\n\n\t\t\t\n\t\t\t\t\t<\/div>\n\t\t\t\t\t\t\t\t<\/div>\n\t\t\t\t\t\t\t\t\t\t\t<div class=\"swiper-slide\" role=\"group\" aria-roledescription=\"slide\">\n\t\t\t\t\t\t\t\t\t<div class=\"elementor-carousel-image\" role=\"img\" aria-label=\"logo-ars-bratislavensis\" style=\"background-image: url(&#039;https:\/\/zelinaworld.com\/wp-content\/uploads\/2021\/02\/logo-ars-bratislavensis-1.png&#039;)\">\n\n\t\t\t\n\t\t\t\t\t<\/div>\n\t\t\t\t\t\t\t\t<\/div>\n\t\t\t\t\t\t\t\t\t<\/div>\n\t\t\t\t\t\t\t\t\t\t\t\t\t\t\t<div class=\"elementor-swiper-button elementor-swiper-button-prev\" role=\"button\" tabindex=\"0\" aria-label=\"Previous\">\n\t\t\t\t\t\t\t<i aria-hidden=\"true\" class=\"eicon-chevron-left\"><\/i>\t\t\t\t\t\t<\/div>\n\t\t\t\t\t\t<div class=\"elementor-swiper-button elementor-swiper-button-next\" role=\"button\" tabindex=\"0\" aria-label=\"Next\">\n\t\t\t\t\t\t\t<i aria-hidden=\"true\" class=\"eicon-chevron-right\"><\/i>\t\t\t\t\t\t<\/div>\n\t\t\t\t\t\t\t\t\t\t\t\t\t\t\t\t\t<\/div>\n\t\t\t\t<\/div>\n\t\t\t\t\t\t\t\t<\/div>\n\t\t\t\t<\/div>\n\t\t\t\t\t<\/div>\n\t\t<\/div>\n\t\t\t\t\t<\/div>\n\t\t<\/section>\n\t\t\t\t<\/div>\n\t\t","protected":false},"excerpt":{"rendered":"<p>The story of the brand Hello, my name is Alex Zelina and the ZELINA brand is a project in which I am dedicated to the creation of plant terrariums &#8211; worlds. I call them worlds because to me they are not just decorative plant terrariums. I complete each of them with characters and miniatures for [&hellip;]<\/p>\n","protected":false},"author":4,"featured_media":0,"parent":0,"menu_order":0,"comment_status":"closed","ping_status":"closed","template":"","meta":{"iawp_total_views":18,"footnotes":""},"class_list":["post-2064","page","type-page","status-publish","hentry"],"_links":{"self":[{"href":"https:\/\/zelinaworld.com\/en\/wp-json\/wp\/v2\/pages\/2064","targetHints":{"allow":["GET"]}}],"collection":[{"href":"https:\/\/zelinaworld.com\/en\/wp-json\/wp\/v2\/pages"}],"about":[{"href":"https:\/\/zelinaworld.com\/en\/wp-json\/wp\/v2\/types\/page"}],"author":[{"embeddable":true,"href":"https:\/\/zelinaworld.com\/en\/wp-json\/wp\/v2\/users\/4"}],"replies":[{"embeddable":true,"href":"https:\/\/zelinaworld.com\/en\/wp-json\/wp\/v2\/comments?post=2064"}],"version-history":[{"count":0,"href":"https:\/\/zelinaworld.com\/en\/wp-json\/wp\/v2\/pages\/2064\/revisions"}],"wp:attachment":[{"href":"https:\/\/zelinaworld.com\/en\/wp-json\/wp\/v2\/media?parent=2064"}],"curies":[{"name":"wp","href":"https:\/\/api.w.org\/{rel}","templated":true}]}}